{"id":951,"date":"2021-03-18T16:37:13","date_gmt":"2021-03-18T16:37:13","guid":{"rendered":"https:\/\/kaomigt.com\/?post_type=product&#038;p=951"},"modified":"2021-07-15T18:00:26","modified_gmt":"2021-07-15T18:00:26","slug":"audifonos-inalambricos-inpods-color-blanco","status":"publish","type":"product","link":"https:\/\/kaomigt.com\/?product=audifonos-inalambricos-inpods-color-blanco","title":{"rendered":"aud\u00edfonos inal\u00e1mbricos inpods color blanco"},"content":{"rendered":"","protected":false},"excerpt":{"rendered":"<p>aud\u00edfonos inal\u00e1mbricos inpods color blanco<\/p>\n","protected":false},"featured_media":1193,"template":"","meta":[],"product_cat":[80,123],"product_tag":[],"class_list":{"0":"post-951","1":"product","2":"type-product","3":"status-publish","4":"has-post-thumbnail","6":"product_cat-accesorios-de-audio-y-video","7":"product_cat-accesorios-para-celulares","10":"first","11":"instock","12":"sale","13":"shipping-taxable","14":"purchasable","15":"product-type-simple"},"jetpack_sharing_enabled":true,"_links":{"self":[{"href":"https:\/\/kaomigt.com\/index.php?rest_route=\/wp\/v2\/product\/951","targetHints":{"allow":["GET"]}}],"collection":[{"href":"https:\/\/kaomigt.com\/index.php?rest_route=\/wp\/v2\/product"}],"about":[{"href":"https:\/\/kaomigt.com\/index.php?rest_route=\/wp\/v2\/types\/product"}],"wp:featuredmedia":[{"embeddable":true,"href":"https:\/\/kaomigt.com\/index.php?rest_route=\/wp\/v2\/media\/1193"}],"wp:attachment":[{"href":"https:\/\/kaomigt.com\/index.php?rest_route=%2Fwp%2Fv2%2Fmedia&parent=951"}],"wp:term":[{"taxonomy":"product_cat","embeddable":true,"href":"https:\/\/kaomigt.com\/index.php?rest_route=%2Fwp%2Fv2%2Fproduct_cat&post=951"},{"taxonomy":"product_tag","embeddable":true,"href":"https:\/\/kaomigt.com\/index.php?rest_route=%2Fwp%2Fv2%2Fproduct_tag&post=951"}],"curies":[{"name":"wp","href":"https:\/\/api.w.org\/{rel}","templated":true}]}}