{"id":92,"date":"2021-01-04T03:35:46","date_gmt":"2021-01-04T03:35:46","guid":{"rendered":"https:\/\/kaomigt.com\/?post_type=product&#038;p=92"},"modified":"2021-06-17T16:25:55","modified_gmt":"2021-06-17T16:25:55","slug":"panuelos-faciales-kleenex-clasico-viajero-34-uds","status":"publish","type":"product","link":"https:\/\/kaomigt.com\/?product=panuelos-faciales-kleenex-clasico-viajero-34-uds","title":{"rendered":"Pa\u00f1uelos Faciales Kleenex Cl\u00e1sico viajero 34 uds"},"content":{"rendered":"","protected":false},"excerpt":{"rendered":"<p>Pa\u00f1uelos Faciales Kleenex Cl\u00e1sico viajero 34 uds<\/p>\n","protected":false},"featured_media":1262,"template":"","meta":[],"product_cat":[51],"product_tag":[],"class_list":{"0":"post-92","1":"product","2":"type-product","3":"status-publish","4":"has-post-thumbnail","6":"product_cat-panuelos-faciales","9":"first","10":"instock","11":"sale","12":"shipping-taxable","13":"purchasable","14":"product-type-simple"},"jetpack_sharing_enabled":true,"_links":{"self":[{"href":"https:\/\/kaomigt.com\/index.php?rest_route=\/wp\/v2\/product\/92","targetHints":{"allow":["GET"]}}],"collection":[{"href":"https:\/\/kaomigt.com\/index.php?rest_route=\/wp\/v2\/product"}],"about":[{"href":"https:\/\/kaomigt.com\/index.php?rest_route=\/wp\/v2\/types\/product"}],"wp:featuredmedia":[{"embeddable":true,"href":"https:\/\/kaomigt.com\/index.php?rest_route=\/wp\/v2\/media\/1262"}],"wp:attachment":[{"href":"https:\/\/kaomigt.com\/index.php?rest_route=%2Fwp%2Fv2%2Fmedia&parent=92"}],"wp:term":[{"taxonomy":"product_cat","embeddable":true,"href":"https:\/\/kaomigt.com\/index.php?rest_route=%2Fwp%2Fv2%2Fproduct_cat&post=92"},{"taxonomy":"product_tag","embeddable":true,"href":"https:\/\/kaomigt.com\/index.php?rest_route=%2Fwp%2Fv2%2Fproduct_tag&post=92"}],"curies":[{"name":"wp","href":"https:\/\/api.w.org\/{rel}","templated":true}]}}