{"id":685,"date":"2021-02-08T22:39:59","date_gmt":"2021-02-08T22:39:59","guid":{"rendered":"https:\/\/kaomigt.com\/?post_type=product&#038;p=685"},"modified":"2022-11-12T03:40:40","modified_gmt":"2022-11-12T03:40:40","slug":"caja-de-panales-pampers-easy-ups-entrenadores-para-nino","status":"publish","type":"product","link":"https:\/\/kaomigt.com\/?product=caja-de-panales-pampers-easy-ups-entrenadores-para-nino","title":{"rendered":"Caja de Pa\u00f1ales Pampers easy ups 3t 4t Entrenadores para ni\u00f1o"},"content":{"rendered":"","protected":false},"excerpt":{"rendered":"<p>Caja de Pa\u00f1ales Pampers easy ups Entrenadores para ni\u00f1a 100 unidades talla 3T &#8211; 4T de 30 &#8211; 40 Libras<\/p>\n","protected":false},"featured_media":1232,"template":"","meta":[],"product_cat":[93],"product_tag":[],"class_list":{"0":"post-685","1":"product","2":"type-product","3":"status-publish","4":"has-post-thumbnail","6":"product_cat-ninos","9":"first","10":"instock","11":"sale","12":"shipping-taxable","13":"purchasable","14":"product-type-simple"},"jetpack_sharing_enabled":true,"_links":{"self":[{"href":"https:\/\/kaomigt.com\/index.php?rest_route=\/wp\/v2\/product\/685","targetHints":{"allow":["GET"]}}],"collection":[{"href":"https:\/\/kaomigt.com\/index.php?rest_route=\/wp\/v2\/product"}],"about":[{"href":"https:\/\/kaomigt.com\/index.php?rest_route=\/wp\/v2\/types\/product"}],"wp:featuredmedia":[{"embeddable":true,"href":"https:\/\/kaomigt.com\/index.php?rest_route=\/wp\/v2\/media\/1232"}],"wp:attachment":[{"href":"https:\/\/kaomigt.com\/index.php?rest_route=%2Fwp%2Fv2%2Fmedia&parent=685"}],"wp:term":[{"taxonomy":"product_cat","embeddable":true,"href":"https:\/\/kaomigt.com\/index.php?rest_route=%2Fwp%2Fv2%2Fproduct_cat&post=685"},{"taxonomy":"product_tag","embeddable":true,"href":"https:\/\/kaomigt.com\/index.php?rest_route=%2Fwp%2Fv2%2Fproduct_tag&post=685"}],"curies":[{"name":"wp","href":"https:\/\/api.w.org\/{rel}","templated":true}]}}