{"id":502,"date":"2021-01-27T17:12:13","date_gmt":"2021-01-27T17:12:13","guid":{"rendered":"https:\/\/kaomigt.com\/?post_type=product&#038;p=502"},"modified":"2021-03-29T22:45:13","modified_gmt":"2021-03-29T22:45:13","slug":"camara-de-retroceso-para-vehiculo-m","status":"publish","type":"product","link":"https:\/\/kaomigt.com\/?product=camara-de-retroceso-para-vehiculo-m","title":{"rendered":"C\u00e1mara de retroceso para veh\u00edculo M"},"content":{"rendered":"","protected":false},"excerpt":{"rendered":"<p>C\u00e1mara de retroceso para veh\u00edculo M<\/p>\n","protected":false},"featured_media":1226,"template":"","meta":[],"product_cat":[81],"product_tag":[],"class_list":{"0":"post-502","1":"product","2":"type-product","3":"status-publish","4":"has-post-thumbnail","6":"product_cat-accesorios-para-vehiculos","9":"first","10":"instock","11":"sale","12":"shipping-taxable","13":"purchasable","14":"product-type-simple"},"jetpack_sharing_enabled":true,"_links":{"self":[{"href":"https:\/\/kaomigt.com\/index.php?rest_route=\/wp\/v2\/product\/502","targetHints":{"allow":["GET"]}}],"collection":[{"href":"https:\/\/kaomigt.com\/index.php?rest_route=\/wp\/v2\/product"}],"about":[{"href":"https:\/\/kaomigt.com\/index.php?rest_route=\/wp\/v2\/types\/product"}],"wp:featuredmedia":[{"embeddable":true,"href":"https:\/\/kaomigt.com\/index.php?rest_route=\/wp\/v2\/media\/1226"}],"wp:attachment":[{"href":"https:\/\/kaomigt.com\/index.php?rest_route=%2Fwp%2Fv2%2Fmedia&parent=502"}],"wp:term":[{"taxonomy":"product_cat","embeddable":true,"href":"https:\/\/kaomigt.com\/index.php?rest_route=%2Fwp%2Fv2%2Fproduct_cat&post=502"},{"taxonomy":"product_tag","embeddable":true,"href":"https:\/\/kaomigt.com\/index.php?rest_route=%2Fwp%2Fv2%2Fproduct_tag&post=502"}],"curies":[{"name":"wp","href":"https:\/\/api.w.org\/{rel}","templated":true}]}}