{"id":411,"date":"2021-01-22T00:31:23","date_gmt":"2021-01-22T00:31:23","guid":{"rendered":"https:\/\/kaomigt.com\/?post_type=product&#038;p=411"},"modified":"2022-06-20T20:00:46","modified_gmt":"2022-06-20T20:00:46","slug":"catre-portatil-o-cama-para-acampar","status":"publish","type":"product","link":"https:\/\/kaomigt.com\/?product=catre-portatil-o-cama-para-acampar","title":{"rendered":"Catre  port\u00e1til o cama para acampar Marca Rio"},"content":{"rendered":"","protected":false},"excerpt":{"rendered":"<p>Catre port\u00e1til MARCA RIO o cama para acampar \u00fanico color medidas 193 cm de largo 63 cm de ancho 45 cm de alto, resistencia 250 libras<\/p>\n","protected":false},"featured_media":1399,"template":"","meta":[],"product_cat":[35],"product_tag":[],"class_list":{"0":"post-411","1":"product","2":"type-product","3":"status-publish","4":"has-post-thumbnail","6":"product_cat-cama-para-acampar","9":"first","10":"instock","11":"sale","12":"featured","13":"shipping-taxable","14":"purchasable","15":"product-type-simple"},"jetpack_sharing_enabled":true,"_links":{"self":[{"href":"https:\/\/kaomigt.com\/index.php?rest_route=\/wp\/v2\/product\/411","targetHints":{"allow":["GET"]}}],"collection":[{"href":"https:\/\/kaomigt.com\/index.php?rest_route=\/wp\/v2\/product"}],"about":[{"href":"https:\/\/kaomigt.com\/index.php?rest_route=\/wp\/v2\/types\/product"}],"wp:featuredmedia":[{"embeddable":true,"href":"https:\/\/kaomigt.com\/index.php?rest_route=\/wp\/v2\/media\/1399"}],"wp:attachment":[{"href":"https:\/\/kaomigt.com\/index.php?rest_route=%2Fwp%2Fv2%2Fmedia&parent=411"}],"wp:term":[{"taxonomy":"product_cat","embeddable":true,"href":"https:\/\/kaomigt.com\/index.php?rest_route=%2Fwp%2Fv2%2Fproduct_cat&post=411"},{"taxonomy":"product_tag","embeddable":true,"href":"https:\/\/kaomigt.com\/index.php?rest_route=%2Fwp%2Fv2%2Fproduct_tag&post=411"}],"curies":[{"name":"wp","href":"https:\/\/api.w.org\/{rel}","templated":true}]}}