{"id":1543,"date":"2021-04-27T15:39:52","date_gmt":"2021-04-27T15:39:52","guid":{"rendered":"https:\/\/kaomigt.com\/?post_type=product&#038;p=1543"},"modified":"2022-11-12T03:37:15","modified_gmt":"2022-11-12T03:37:15","slug":"caja-de-panales-para-nino-pampers-easy-ups-entrenadores","status":"publish","type":"product","link":"https:\/\/kaomigt.com\/?product=caja-de-panales-para-nino-pampers-easy-ups-entrenadores","title":{"rendered":"Caja de Pa\u00f1ales para ni\u00f1o Pampers easy ups 4t 5t Entrenadores"},"content":{"rendered":"","protected":false},"excerpt":{"rendered":"<p>Caja de Pa\u00f1ales para ni\u00f1o Pampers easy ups Entrenadores 86 unidades talla 4T &#8211; 5T<\/p>\n","protected":false},"featured_media":1552,"template":"","meta":[],"product_cat":[109,93],"product_tag":[135],"class_list":{"0":"post-1543","1":"product","2":"type-product","3":"status-publish","4":"has-post-thumbnail","6":"product_cat-bebes","7":"product_cat-ninos","8":"product_tag-panales-pampers-entrenadores-easy-ups","11":"first","12":"instock","13":"sale","14":"shipping-taxable","15":"purchasable","16":"product-type-simple"},"jetpack_sharing_enabled":true,"_links":{"self":[{"href":"https:\/\/kaomigt.com\/index.php?rest_route=\/wp\/v2\/product\/1543","targetHints":{"allow":["GET"]}}],"collection":[{"href":"https:\/\/kaomigt.com\/index.php?rest_route=\/wp\/v2\/product"}],"about":[{"href":"https:\/\/kaomigt.com\/index.php?rest_route=\/wp\/v2\/types\/product"}],"wp:featuredmedia":[{"embeddable":true,"href":"https:\/\/kaomigt.com\/index.php?rest_route=\/wp\/v2\/media\/1552"}],"wp:attachment":[{"href":"https:\/\/kaomigt.com\/index.php?rest_route=%2Fwp%2Fv2%2Fmedia&parent=1543"}],"wp:term":[{"taxonomy":"product_cat","embeddable":true,"href":"https:\/\/kaomigt.com\/index.php?rest_route=%2Fwp%2Fv2%2Fproduct_cat&post=1543"},{"taxonomy":"product_tag","embeddable":true,"href":"https:\/\/kaomigt.com\/index.php?rest_route=%2Fwp%2Fv2%2Fproduct_tag&post=1543"}],"curies":[{"name":"wp","href":"https:\/\/api.w.org\/{rel}","templated":true}]}}