{"id":1350,"date":"2021-04-07T18:36:28","date_gmt":"2021-04-07T18:36:28","guid":{"rendered":"https:\/\/kaomigt.com\/?post_type=product&#038;p=1350"},"modified":"2021-05-06T14:20:50","modified_gmt":"2021-05-06T14:20:50","slug":"cargador-de-felefono-para-automovil-color-verde-2","status":"publish","type":"product","link":"https:\/\/kaomigt.com\/?product=cargador-de-felefono-para-automovil-color-verde-2","title":{"rendered":"Cargador De Tel\u00e9fono Para Autom\u00f3vil Color Blanco"},"content":{"rendered":"","protected":false},"excerpt":{"rendered":"<p>cargador de tel\u00e9fono para Autom\u00f3vil color Blanco<\/p>\n","protected":false},"featured_media":1348,"template":"","meta":[],"product_cat":[123,125],"product_tag":[],"class_list":{"0":"post-1350","1":"product","2":"type-product","3":"status-publish","4":"has-post-thumbnail","6":"product_cat-accesorios-para-celulares","7":"product_cat-cargadores-para-celulares","10":"first","11":"outofstock","12":"sale","13":"shipping-taxable","14":"purchasable","15":"product-type-simple"},"jetpack_sharing_enabled":true,"_links":{"self":[{"href":"https:\/\/kaomigt.com\/index.php?rest_route=\/wp\/v2\/product\/1350","targetHints":{"allow":["GET"]}}],"collection":[{"href":"https:\/\/kaomigt.com\/index.php?rest_route=\/wp\/v2\/product"}],"about":[{"href":"https:\/\/kaomigt.com\/index.php?rest_route=\/wp\/v2\/types\/product"}],"wp:featuredmedia":[{"embeddable":true,"href":"https:\/\/kaomigt.com\/index.php?rest_route=\/wp\/v2\/media\/1348"}],"wp:attachment":[{"href":"https:\/\/kaomigt.com\/index.php?rest_route=%2Fwp%2Fv2%2Fmedia&parent=1350"}],"wp:term":[{"taxonomy":"product_cat","embeddable":true,"href":"https:\/\/kaomigt.com\/index.php?rest_route=%2Fwp%2Fv2%2Fproduct_cat&post=1350"},{"taxonomy":"product_tag","embeddable":true,"href":"https:\/\/kaomigt.com\/index.php?rest_route=%2Fwp%2Fv2%2Fproduct_tag&post=1350"}],"curies":[{"name":"wp","href":"https:\/\/api.w.org\/{rel}","templated":true}]}}