{"id":34,"date":"2021-01-04T01:25:46","date_gmt":"2021-01-04T01:25:46","guid":{"rendered":"https:\/\/kaomigt.com\/?page_id=34"},"modified":"2021-04-15T15:55:45","modified_gmt":"2021-04-15T15:55:45","slug":"nosotros","status":"publish","type":"page","link":"https:\/\/kaomigt.com\/?page_id=34","title":{"rendered":"Nosotros"},"content":{"rendered":"<p>[vc_row css=\u00bb.vc_custom_1585112585204{margin-bottom: 50px !important;}\u00bb][vc_column width=\u00bb1\/4&#8243;][\/vc_column][vc_column width=\u00bb1\/2&#8243;][vc_row_inner][vc_column_inner width=\u00bb1\/4&#8243;][vc_column_text]<\/p>\r\n<h3 class=\"vc_custom_heading\">Nuestra Misi\u00f3n<\/h3>\r\n<p>[\/vc_column_text][\/vc_column_inner][vc_column_inner width=\u00bb3\/4&#8243;]<div class=\"static-text-container left\"><div class=\"text\">Comercializamos Variedad de productos en l\u00ednea y punto de venta f\u00edsico para satisfacer las necesidades de nuestros clientes, con reparto a domicilio en Ciudad de Guatemala y sus Departamentos.<\/div><\/div>[\/vc_column_inner][\/vc_row_inner][vc_row_inner][vc_column_inner width=\u00bb1\/4&#8243;][vc_column_text]<\/p>\r\n<h3 class=\"vc_custom_heading\">Nuestra Visi\u00f3n<\/h3>\r\n<p>[\/vc_column_text][\/vc_column_inner][vc_column_inner width=\u00bb3\/4&#8243;]<div class=\"static-text-container left\"><div class=\"text\">Posicionar nuestra marca Kaomigt como la tienda en l\u00ednea m\u00e1s reconocida en la ciudad capital y departamentos de Guatemala, satisfacer necesidades con productos de Higiene, Belleza, Seguridad, tecnolog\u00eda, Hogar, Entretenimiento, Accesorios para Conductores de motocicletas y veh\u00edculos, Comida y abarrotes, Decoraci\u00f3n, Mascotas, Salud entre otros. Innovando cada d\u00eda para ofrecer una amplia gama de productos que nuestra gente necesita.<\/div><\/div>[\/vc_column_inner][\/vc_row_inner][\/vc_column][vc_column width=\u00bb1\/4&#8243;][\/vc_column][\/vc_row][vc_row][vc_column][vc_column_text][\/vc_column_text][\/vc_column][\/vc_row][vc_row el_class=\u00bbaboutus-page\u00bb][vc_column][vc_row_inner equal_height=\u00bbyes\u00bb][vc_column_inner width=\u00bb1\/2&#8243;][vc_single_image image=\u00bb1311&#8243; img_size=\u00bbfull\u00bb alignment=\u00bbcenter\u00bb css=\u00bb.vc_custom_1617748259770{margin-top: 40px !important;}\u00bb][\/vc_column_inner][vc_column_inner width=\u00bb1\/4&#8243;]<div class=\"service hb-animate-element bottom-to-top style-2\"><div class=\"service-content style-2\"><div class=\"service-desc\"><div class=\"title service-text\">Distribuci\u00f3n Local<\/div><div class=\"description other-font\">Tenemos cobertura a nivel nacional.<\/div><div class=\"service-read-more other-font\">01<\/div><\/div><\/div><\/div><div class=\"service hb-animate-element bottom-to-top style-2\"><div class=\"service-content style-2\"><div class=\"service-desc\"><div class=\"title service-text\">Servicio<\/div><div class=\"description other-font\">Ofrecemos entregas locales con tiempos insuperables.<\/div><div class=\"service-read-more other-font\">02<\/div><\/div><\/div><\/div>[\/vc_column_inner][vc_column_inner width=\u00bb1\/4&#8243;]<div class=\"service hb-animate-element bottom-to-top style-2\"><div class=\"service-content style-2\"><div class=\"service-desc\"><div class=\"title service-text\">Calidad<\/div><div class=\"description other-font\">Los productos que ofrecemos son producidos con altos est\u00e1ndares de calidad.<\/div><div class=\"service-read-more other-font\">03<\/div><\/div><\/div><\/div><div class=\"service hb-animate-element bottom-to-top style-2\"><div class=\"service-content style-2\"><div class=\"service-desc\"><div class=\"title service-text\">Normas de seguridad<\/div><div class=\"description other-font\">Sus productos son empacados con especial cuidado para mantener su integridad.<\/div><div class=\"service-read-more other-font\">04<\/div><\/div><\/div><\/div>[\/vc_column_inner][\/vc_row_inner][\/vc_column][\/vc_row][vc_row][vc_column][vc_column_text]<\/p>\r\n\r\n<p><p>[\/vc_column_text][\/vc_column][\/vc_row][vc_row][vc_column][vc_column_text]<\/p>\n<\/p>\r\n<p><p>[\/vc_column_text][\/vc_column][\/vc_row][vc_row][vc_column][vc_column_text]<\/p>\n<\/p>\r\n<p><p>[\/vc_column_text][\/vc_column][\/vc_row][vc_row css=\u00bb.vc_custom_1585112706804{margin-bottom: 50px !important;}\u00bb][vc_column][vc_row_inner][vc_column_inner][vc_column_text]<\/p>\n<h4 style=\"text-align: center;\"><strong>Aproveche la oportunidad para adquirir los mejores productos de cuidado e higiene personal<\/strong><\/h4>\n<blockquote>\n<p style=\"text-align: center;\">Y comience ahorrando mucho dinero.<\/p>\n<\/blockquote>\n<p>[\/vc_column_text][\/vc_column_inner][\/vc_row_inner][\/vc_column][\/vc_row][vc_row][vc_column][vc_column_text]<\/p>\n[\/vc_column_text][\/vc_column][\/vc_row]<\/p>","protected":false},"excerpt":{"rendered":"<p>[vc_row css=\u00bb.vc_custom_1585112585204{margin-bottom: 50px !important;}\u00bb][vc_column width=\u00bb1\/4&#8243;][\/vc_column][vc_column width=\u00bb1\/2&#8243;][vc_row_inner][vc_column_inner width=\u00bb1\/4&#8243;][vc_column_text] Nuestra Misi\u00f3n [\/vc_column_text][\/vc_column_inner][vc_column_inner width=\u00bb3\/4&#8243;][\/vc_column_inner][\/vc_row_inner][vc_row_inner][vc_column_inner width=\u00bb1\/4&#8243;][vc_column_text] Nuestra Visi\u00f3n [\/vc_column_text][\/vc_column_inner][vc_column_inner width=\u00bb3\/4&#8243;][\/vc_column_inner][\/vc_row_inner][\/vc_column][vc_column width=\u00bb1\/4&#8243;][\/vc_column][\/vc_row][vc_row][vc_column][vc_column_text][\/vc_column_text][\/vc_column][\/vc_row][vc_row el_class=\u00bbaboutus-page\u00bb][vc_column][vc_row_inner equal_height=\u00bbyes\u00bb][vc_column_inner width=\u00bb1\/2&#8243;][vc_single_image image=\u00bb1311&#8243; img_size=\u00bbfull\u00bb alignment=\u00bbcenter\u00bb css=\u00bb.vc_custom_1617748259770{margin-top: 40px !important;}\u00bb][\/vc_column_inner][vc_column_inner width=\u00bb1\/4&#8243;][\/vc_column_inner][vc_column_inner width=\u00bb1\/4&#8243;][\/vc_column_inner][\/vc_row_inner][\/vc_column][\/vc_row][vc_row][vc_column][vc_column_text] [\/vc_column_text][\/vc_column][\/vc_row]<\/p>\n","protected":false},"author":1,"featured_media":0,"parent":0,"menu_order":0,"comment_status":"closed","ping_status":"closed","template":"","meta":{"footnotes":""},"class_list":["post-34","page","type-page","status-publish","hentry"],"jetpack_sharing_enabled":true,"_links":{"self":[{"href":"https:\/\/kaomigt.com\/index.php?rest_route=\/wp\/v2\/pages\/34","targetHints":{"allow":["GET"]}}],"collection":[{"href":"https:\/\/kaomigt.com\/index.php?rest_route=\/wp\/v2\/pages"}],"about":[{"href":"https:\/\/kaomigt.com\/index.php?rest_route=\/wp\/v2\/types\/page"}],"author":[{"embeddable":true,"href":"https:\/\/kaomigt.com\/index.php?rest_route=\/wp\/v2\/users\/1"}],"replies":[{"embeddable":true,"href":"https:\/\/kaomigt.com\/index.php?rest_route=%2Fwp%2Fv2%2Fcomments&post=34"}],"version-history":[{"count":12,"href":"https:\/\/kaomigt.com\/index.php?rest_route=\/wp\/v2\/pages\/34\/revisions"}],"predecessor-version":[{"id":1456,"href":"https:\/\/kaomigt.com\/index.php?rest_route=\/wp\/v2\/pages\/34\/revisions\/1456"}],"wp:attachment":[{"href":"https:\/\/kaomigt.com\/index.php?rest_route=%2Fwp%2Fv2%2Fmedia&parent=34"}],"curies":[{"name":"wp","href":"https:\/\/api.w.org\/{rel}","templated":true}]}}